{"id":7,"date":"2025-10-20T16:15:12","date_gmt":"2025-10-20T16:15:12","guid":{"rendered":"https:\/\/vsl.com\/vietnam\/?page_id=7"},"modified":"2026-03-11T11:06:10","modified_gmt":"2026-03-11T11:06:10","slug":"trang-chu","status":"publish","type":"page","link":"https:\/\/vsl.com\/vietnam\/","title":{"rendered":"Trang ch\u1ee7"},"content":{"rendered":"","protected":false},"excerpt":{"rendered":"","protected":false},"author":1,"featured_media":0,"parent":0,"menu_order":0,"comment_status":"closed","ping_status":"closed","template":"page-templates\/local-home.php","meta":{"_acf_changed":false,"_seopress_robots_primary_cat":"","_seopress_titles_title":"VSL Vietnam - m\u1ed9t Nh\u00e0 th\u1ea7u chuy\u00ean nghi\u1ec7p c\u00f3 uy t\u00edn v\u00e0 \u0111\u01b0\u1ee3c c\u00f4ng nh\u1eadn","_seopress_titles_desc":"VSL Vi\u1ec7t Nam mang \u0111\u1ebfn nh\u1eefng gi\u1ea3i ph\u00e1p t\u1ed1i \u01b0u cho k\u1ebft c\u1ea5u d\u1ef1 \u1ee9ng l\u1ef1c, c\u1ea7u d\u00e2y v\u0103ng, n\u1ec1n m\u00f3ng v\u00e0 k\u1ef9 thu\u1eadt n\u1ec1n \u0111\u1ea5t. Ch\u00fang t\u00f4i \u0111\u1ed3ng h\u00e0nh c\u00f9ng kh\u00e1ch h\u00e0ng trong vi\u1ec7c thi\u1ebft k\u1ebf, thi c\u00f4ng, b\u1ea3o tr\u00ec v\u00e0 n\u00e2ng c\u1ea5p c\u00e1c c\u00f4ng tr\u00ecnh h\u1ea1 t\u1ea7ng tr\u1ecdng y\u1ebfu thu\u1ed9c c\u00e1c l\u0129nh v\u1ef1c giao th\u00f4ng, n\u0103ng l\u01b0\u1ee3ng v\u00e0 c\u00f4ng nghi\u1ec7p.","_seopress_robots_index":"","footnotes":""},"class_list":["post-7","page","type-page","status-publish","hentry"],"acf":[],"lang":"vi","translations":{"vi":7,"en":45},"pll_sync_post":[],"_links":{"self":[{"href":"https:\/\/vsl.com\/vietnam\/wp-json\/wp\/v2\/pages\/7","targetHints":{"allow":["GET"]}}],"collection":[{"href":"https:\/\/vsl.com\/vietnam\/wp-json\/wp\/v2\/pages"}],"about":[{"href":"https:\/\/vsl.com\/vietnam\/wp-json\/wp\/v2\/types\/page"}],"author":[{"embeddable":true,"href":"https:\/\/vsl.com\/vietnam\/wp-json\/wp\/v2\/users\/1"}],"replies":[{"embeddable":true,"href":"https:\/\/vsl.com\/vietnam\/wp-json\/wp\/v2\/comments?post=7"}],"version-history":[{"count":15,"href":"https:\/\/vsl.com\/vietnam\/wp-json\/wp\/v2\/pages\/7\/revisions"}],"predecessor-version":[{"id":1437,"href":"https:\/\/vsl.com\/vietnam\/wp-json\/wp\/v2\/pages\/7\/revisions\/1437"}],"wp:attachment":[{"href":"https:\/\/vsl.com\/vietnam\/wp-json\/wp\/v2\/media?parent=7"}],"curies":[{"name":"wp","href":"https:\/\/api.w.org\/{rel}","templated":true}]}}